{"id":432,"date":"2019-03-28T11:31:37","date_gmt":"2019-03-28T10:31:37","guid":{"rendered":"https:\/\/www.tizioimplants.com\/?page_id=432"},"modified":"2026-02-16T09:53:21","modified_gmt":"2026-02-16T08:53:21","slug":"legal-notice","status":"publish","type":"page","link":"https:\/\/www.tizioimplants.com\/en\/contact\/legal-notice\/","title":{"rendered":"Legal notice"},"content":{"rendered":"<div class=\"headline left\"><h1>Tizio Hybrid Implants<span>Legal notice<\/span><\/h1><\/div>\n\n\n<div class=\"wp-block-columns has-2-columns\">\n<div class=\"wp-block-column\">\n<h4> Data according to \u00a7 5 TMG:<\/h4>\n\n\n\n<p>Tizio Hybrid Implants GmbH<br>Breite Stra\u00dfe 16<br>18055 Rostock<\/p>\n\n\n\n<h4>Kontakt:<\/h4>\n\n\n\n<p>Telefon: +49 (0) 381 203 55 88<br>E-Mail: info@tizioimplants.com<\/p>\n\n\n\n<h4>Registereintrag:<\/h4>\n\n\n\n<p>Eintragung im Handelsregister.&nbsp;<br>Registergericht: Rostock&nbsp;<br>Registernummer: 10074<\/p>\n\n\n\n<h4>Umsatzsteuer:<\/h4>\n\n\n\n<p>Umsatzsteuer-Identifikationsnummer gem\u00e4\u00df \u00a727 a Umsatzsteuergesetz:<br>DE 242122999<\/p>\n\n\n\n<h4>Haftung f\u00fcr Inhalte<\/h4>\n\n\n\n<p>Die Inhalte unserer Seiten wurden mit gr\u00f6\u00dfter Sorgfalt erstellt. F\u00fcr die Richtigkeit, Vollst\u00e4ndigkeit und Aktualit\u00e4t der Inhalte k\u00f6nnen wir jedoch keine Gew\u00e4hr \u00fcbernehmen. Als Diensteanbieter sind wir gem\u00e4\u00df \u00a7 7 Abs.1 TMG f\u00fcr eigene Inhalte auf diesen Seiten nach den allgemeinen Gesetzen verantwortlich. Nach \u00a7\u00a7 8 bis 10 TMG sind wir als Diensteanbieter jedoch nicht verpflichtet, \u00fcbermittelte oder gespeicherte fremde Informationen zu \u00fcberwachen oder nach Umst\u00e4nden zu forschen, die auf eine rechtswidrige T\u00e4tigkeit hinweisen. Verpflichtungen zur Entfernung oder Sperrung der Nutzung von Informationen nach den allgemeinen Gesetzen bleiben hiervon unber\u00fchrt. Eine diesbez\u00fcgliche Haftung ist jedoch erst ab dem Zeitpunkt der Kenntnis einer konkreten Rechtsverletzung m\u00f6glich. Bei Bekanntwerden von entsprechenden Rechtsverletzungen werden wir diese Inhalte umgehend entfernen.<\/p>\n\n\n\n<h4>Urheberrecht<\/h4>\n\n\n\n<p>Die durch die Seitenbetreiber erstellten Inhalte und Werke auf diesen Seiten unterliegen dem deutschen Urheberrecht. Die Vervielf\u00e4ltigung, Bearbeitung, Verbreitung und jede Art der Verwertung au\u00dferhalb der Grenzen des Urheberrechtes bed\u00fcrfen der schriftlichen Zustimmung des jeweiligen Autors bzw. Erstellers. Downloads und Kopien dieser Seite sind nur f\u00fcr den privaten, nicht kommerziellen Gebrauch gestattet. Soweit die Inhalte auf dieser Seite nicht vom Betreiber erstellt wurden, werden die Urheberrechte Dritter beachtet. Insbesondere werden Inhalte Dritter als solche gekennzeichnet. Sollten Sie trotzdem auf eine Urheberrechtsverletzung aufmerksam werden, bitten wir um einen entsprechenden Hinweis. Bei Bekanntwerden von Rechtsverletzungen werden wir derartige Inhalte umgehend entfernen.<\/p>\n\n\n\n<p><\/p>\n<\/div>\n\n\n\n<div class=\"wp-block-column\">\n<h4>Vertreten durch:<\/h4>\n\n\n\n<p>Milija Mitrovic\u00a0<br><\/p>\n\n\n\n<h4>Streitschlichtung<\/h4>\n\n\n\n<p>Die Europ\u00e4ische Kommission stellt eine Plattform zur Online-Streitbeilegung (OS) bereit:&nbsp;<a href=\"https:\/\/ec.europa.eu\/consumers\/odr\" target=\"_blank\" rel=\"noreferrer noopener\">ec.europa.eu\/consumers\/odr<\/a>.<br>Unsere E-Mail-Adresse finden Sie oben im Impressum.<br>Wir sind nicht bereit oder verpflichtet, an Streitbeilegungsverfahren vor einer Verbraucherschlichtungsstelle teilzunehmen.<\/p>\n\n\n\n<h4>Haftung f\u00fcr Links<\/h4>\n\n\n\n<p>Unser Angebot enth\u00e4lt Links zu externen Webseiten Dritter, auf deren Inhalte wir keinen Einfluss haben. Deshalb k\u00f6nnen wir f\u00fcr diese fremden Inhalte auch keine Gew\u00e4hr \u00fcbernehmen. F\u00fcr die Inhalte der verlinkten Seiten ist stets der jeweilige Anbieter oder Betreiber der Seiten verantwortlich. Die verlinkten Seiten wurden zum Zeitpunkt der Verlinkung auf m\u00f6gliche Rechtsverst\u00f6\u00dfe \u00fcberpr\u00fcft. Rechtswidrige Inhalte waren zum Zeitpunkt der Verlinkung nicht erkennbar. Eine permanente inhaltliche Kontrolle der verlinkten Seiten ist jedoch ohne konkrete Anhaltspunkte einer Rechtsverletzung nicht zumutbar. Bei Bekanntwerden von Rechtsverletzungen werden wir derartige Links umgehend entfernen.<\/p>\n\n\n\n<p>Quellverweis:&nbsp;<a href=\"https:\/\/www.e-recht24.de\/\" target=\"_blank\" rel=\"noreferrer noopener\">https:\/\/www.e-recht24.de<\/a><\/p>\n\n\n\n<h4>Bildnachweise:<\/h4>\n\n\n\n<p>AdobeStock:<\/p>\n\n\n\n<ul><li>181831673<\/li><li>91250317<\/li><li>99071549<\/li><li>177954339<\/li><\/ul>\n<\/div>\n<\/div>\n","protected":false},"excerpt":{"rendered":"<p>Data according to \u00a7 5 TMG: Tizio Hybrid Implants GmbHBreite Stra\u00dfe 1618055 Rostock Kontakt: Telefon: +49 (0) 381 203 55 88E-Mail: info@tizioimplants.com Registereintrag: Eintragung im Handelsregister.&nbsp;Registergericht: Rostock&nbsp;Registernummer: 10074 Umsatzsteuer: Umsatzsteuer-Identifikationsnummer gem\u00e4\u00df \u00a727 a Umsatzsteuergesetz:DE 242122999 Haftung f\u00fcr Inhalte Die Inhalte unserer Seiten wurden mit gr\u00f6\u00dfter Sorgfalt erstellt. F\u00fcr die Richtigkeit, Vollst\u00e4ndigkeit und Aktualit\u00e4t der Inhalte [&hellip;]<\/p>\n","protected":false},"author":1,"featured_media":0,"parent":422,"menu_order":0,"comment_status":"closed","ping_status":"closed","template":"","meta":[],"_links":{"self":[{"href":"https:\/\/www.tizioimplants.com\/en\/wp-json\/wp\/v2\/pages\/432\/"}],"collection":[{"href":"https:\/\/www.tizioimplants.com\/en\/wp-json\/wp\/v2\/pages\/"}],"about":[{"href":"https:\/\/www.tizioimplants.com\/en\/wp-json\/wp\/v2\/types\/page\/"}],"author":[{"embeddable":true,"href":"https:\/\/www.tizioimplants.com\/en\/wp-json\/wp\/v2\/users\/1\/"}],"replies":[{"embeddable":true,"href":"https:\/\/www.tizioimplants.com\/en\/wp-json\/wp\/v2\/comments\/?post=432"}],"version-history":[{"count":6,"href":"https:\/\/www.tizioimplants.com\/en\/wp-json\/wp\/v2\/pages\/432\/revisions\/"}],"predecessor-version":[{"id":1894,"href":"https:\/\/www.tizioimplants.com\/en\/wp-json\/wp\/v2\/pages\/432\/revisions\/1894\/"}],"up":[{"embeddable":true,"href":"https:\/\/www.tizioimplants.com\/en\/wp-json\/wp\/v2\/pages\/422\/"}],"wp:attachment":[{"href":"https:\/\/www.tizioimplants.com\/en\/wp-json\/wp\/v2\/media\/?parent=432"}],"curies":[{"name":"wp","href":"https:\/\/api.w.org\/{rel}","templated":true}]}}